{"id":7,"date":"2021-09-24T10:43:08","date_gmt":"2021-09-24T10:43:08","guid":{"rendered":"https:\/\/helenerasse.be\/?page_id=7"},"modified":"2021-10-07T10:29:57","modified_gmt":"2021-10-07T10:29:57","slug":"a-propos-de","status":"publish","type":"page","link":"https:\/\/helenerasse.be\/","title":{"rendered":"\u00c0 propos de Hel\u00e8ne"},"content":{"rendered":"\n<p>H\u00e9l\u00e8ne prom\u00e8ne sur l\u2019humain son regard tant\u00f4t contemplatif, tant\u00f4t espi\u00e8gle, tant\u00f4t dubitatif mais toujours allum\u00e9 de la m\u00eame curiosit\u00e9.&nbsp;<\/p>\n\n\n\n<p>C\u2019est que chez elle, la photographie h\u00e9rite \u00e0 la fois de l\u2019exp\u00e9rience d\u2019un Orient indicible et de la candeur d\u2019une enfance au Congo.&nbsp;<\/p>\n\n\n\n<p>H\u00e9l\u00e8ne travaille et vit \u00e0 Bruxelles. C\u2019est dans ce terreau du surr\u00e9alisme qu\u2019elle partage son temps entre sa m\u00e9ditation photographique, ses errances m\u00e9taphysiques, les contre-emplois, son chat et sa famille.<\/p>\n\n\n\n<p>ion \u00e0 promouvoir.<\/p>\n","protected":false},"excerpt":{"rendered":"<p>H\u00e9l\u00e8ne prom\u00e8ne sur l\u2019humain son regard tant\u00f4t contemplatif, tant\u00f4t espi\u00e8gle, tant\u00f4t dubitatif mais toujours allum\u00e9 de la m\u00eame curiosit\u00e9.&nbsp; C\u2019est que chez elle, la photographie h\u00e9rite \u00e0 la fois de l\u2019exp\u00e9rience d\u2019un Orient indicible et de la candeur d\u2019une enfance au Congo.&nbsp; H\u00e9l\u00e8ne travaille et vit \u00e0 Bruxelles. C\u2019est dans ce terreau du surr\u00e9alisme qu\u2019elle &hellip; <\/p>\n<p class=\"link-more\"><a href=\"https:\/\/helenerasse.be\/\" class=\"more-link\">Continuer la lecture<span class=\"screen-reader-text\"> de &laquo;&nbsp;\u00c0 propos de Hel\u00e8ne&nbsp;&raquo;<\/span><\/a><\/p>\n","protected":false},"author":1,"featured_media":0,"parent":0,"menu_order":0,"comment_status":"closed","ping_status":"closed","template":"","meta":{"footnotes":""},"class_list":["post-7","page","type-page","status-publish","hentry"],"_links":{"self":[{"href":"https:\/\/helenerasse.be\/index.php\/wp-json\/wp\/v2\/pages\/7","targetHints":{"allow":["GET"]}}],"collection":[{"href":"https:\/\/helenerasse.be\/index.php\/wp-json\/wp\/v2\/pages"}],"about":[{"href":"https:\/\/helenerasse.be\/index.php\/wp-json\/wp\/v2\/types\/page"}],"author":[{"embeddable":true,"href":"https:\/\/helenerasse.be\/index.php\/wp-json\/wp\/v2\/users\/1"}],"replies":[{"embeddable":true,"href":"https:\/\/helenerasse.be\/index.php\/wp-json\/wp\/v2\/comments?post=7"}],"version-history":[{"count":2,"href":"https:\/\/helenerasse.be\/index.php\/wp-json\/wp\/v2\/pages\/7\/revisions"}],"predecessor-version":[{"id":49,"href":"https:\/\/helenerasse.be\/index.php\/wp-json\/wp\/v2\/pages\/7\/revisions\/49"}],"wp:attachment":[{"href":"https:\/\/helenerasse.be\/index.php\/wp-json\/wp\/v2\/media?parent=7"}],"curies":[{"name":"wp","href":"https:\/\/api.w.org\/{rel}","templated":true}]}}